{"id":74134,"date":"2026-03-20T07:00:51","date_gmt":"2026-03-20T06:00:51","guid":{"rendered":"https:\/\/addi.de\/?post_type=product&#038;p=74134"},"modified":"2026-03-20T09:34:37","modified_gmt":"2026-03-20T08:34:37","slug":"addicrasytrio-novel-short-22-cm","status":"publish","type":"product","link":"https:\/\/addi.de\/en\/product-3\/addicrasytrio-novel-short-22-cm\/","title":{"rendered":"addiCraSyTrio Novel Short (22 cm)"},"content":{"rendered":"<p>With the addiCraSy Trio Novel Short, with its ergonomic, square Novel tips, knitting small diameters such as socks and leg warmers is even more relaxed. The short tips don\u2019t get in the way, especially when working with very small diameters \u2013 ideal for fans of short needle tips. The square-shaped Novel tips, with their ergonomic design, ensure an even stitch pattern and a gentle massage for the hands thanks to the textured Novel surface, making knitting effortless and relaxed.<\/p>\n<p>Of course, made in Germany, with a 10-year warranty.<\/p>\n<p><strong>Material:<\/strong> Brass tips (85 mm) white bronzed with two lace tips, size laser-engraved on the needle tip<\/p>\n<p><strong>Delivery to retailers from June 2026<\/strong><\/p>","protected":false},"excerpt":{"rendered":"<p>Mit dem addiCraSy Trio Novel Short mit ergonomischen und viereckigen Novel-Spitzen ist das Stricken von kleinen Durchmessern wie Socken und Stulpen noch entspannter. Die kurzen Spitzen sind vor allem bei besonders kleinen Durchmessern nicht im Weg &#8211; ideal f\u00fcr Fans kurzer Nadelspitzen. Die viereckigen Novel-Spitzen im ergonomischen Design garantieren durch die strukturierte Novel-Oberfl\u00e4che ein gleichm\u00e4\u00dfiges [&hellip;]<\/p>","protected":false},"featured_media":74228,"template":"","meta":{"_acf_changed":false,"inline_featured_image":false},"product_brand":[],"product_cat":[76,78,75,363,67,73],"product_tag":[],"class_list":{"0":"post-74134","1":"product","2":"type-product","3":"status-publish","4":"has-post-thumbnail","6":"product_cat-rundstricknadeln","7":"product_cat-nadelspiele","8":"product_cat-addicrasytrio","9":"product_cat-addinovel","10":"product_cat-addi-neuheiten","11":"product_cat-addi-geschenkideen","13":"first","14":"instock","15":"shipping-taxable","16":"purchasable","17":"product-type-variable"},"acf":[],"_links":{"self":[{"href":"https:\/\/addi.de\/en\/wp-json\/wp\/v2\/product\/74134","targetHints":{"allow":["GET"]}}],"collection":[{"href":"https:\/\/addi.de\/en\/wp-json\/wp\/v2\/product"}],"about":[{"href":"https:\/\/addi.de\/en\/wp-json\/wp\/v2\/types\/product"}],"wp:featuredmedia":[{"embeddable":true,"href":"https:\/\/addi.de\/en\/wp-json\/wp\/v2\/media\/74228"}],"wp:attachment":[{"href":"https:\/\/addi.de\/en\/wp-json\/wp\/v2\/media?parent=74134"}],"wp:term":[{"taxonomy":"product_brand","embeddable":true,"href":"https:\/\/addi.de\/en\/wp-json\/wp\/v2\/product_brand?post=74134"},{"taxonomy":"product_cat","embeddable":true,"href":"https:\/\/addi.de\/en\/wp-json\/wp\/v2\/product_cat?post=74134"},{"taxonomy":"product_tag","embeddable":true,"href":"https:\/\/addi.de\/en\/wp-json\/wp\/v2\/product_tag?post=74134"}],"curies":[{"name":"wp","href":"https:\/\/api.w.org\/{rel}","templated":true}]}}