{"id":74149,"date":"2026-03-20T07:00:43","date_gmt":"2026-03-20T06:00:43","guid":{"rendered":"https:\/\/addi.de\/?post_type=product&#038;p=74149"},"modified":"2026-04-10T11:01:42","modified_gmt":"2026-04-10T09:01:42","slug":"addiclick-unicorn-starter","status":"publish","type":"product","link":"https:\/\/addi.de\/en\/product-3\/addiclick-unicorn-starter\/","title":{"rendered":"addiClick Unicorn Lace Long Starter Set"},"content":{"rendered":"<p>This magical little starter set of the addiClick plug-in system contains three pairs of spiral-shaped unicorn tips \u2013 ideal for unicorn fans, beginners and for when you\u2019re on the go. The extra-fine needle tips allow you to knit precise patterns and intricate techniques. The elegant, spiral-shaped structure and shimmering surface ensure magical knitting moments and yarn that glides smoothly. The magic of the unicorn!<\/p>\n<p>Of course, made in Germany, with a 10-year warranty.<\/p>\n<p><strong>Included are:<\/strong><\/p>\n<ul>\n<li>addiClick Unicorn Lace Long tips in 4, 5 and 6 mm<\/li>\n<li>2 pink addiClick cords (60 and 80 cm \/ 24\" and 32\")<\/li>\n<li>2 HeartStopper stitch stoppers<\/li>\n<li>2 connectors (long and short)<\/li>\n<li>1 set of addiGrip pads (grip aids)<\/li>\n<li>Textile case<\/li>\n<\/ul>\n<p><strong>Material:<\/strong> Brass tips (125 mm), white-bronzed, with a spiral pattern and extra-fine lace tips, fabric pouch<\/p>\n<p><strong>Delivery to retailers from June 2026<\/strong><\/p>","protected":false},"excerpt":{"rendered":"<p>Das zauberhafte kleine Starter-Set des addiClick-Stecksystems enth\u00e4lt drei Paar spiralf\u00f6rmige Einhorn-Spitzen &#8211; ideal fu\u0308r Einhorn-Fans, Starter und fu\u0308r Unterwegs. Die extra feinen Nadelspitzen erm\u00f6glichen das Stricken von pr\u00e4zisen Muster und filigranen Techniken. Die edle, spiralf\u00f6rmige Struktur und die schimmernde Oberfl\u00e4che sorgen f\u00fcr magische Strickmomente und sanft gleitendes Garn. Die Magie des Einhorns! Nat\u00fcrlich Made in [&hellip;]<\/p>","protected":false},"featured_media":74191,"template":"","meta":{"_acf_changed":false,"inline_featured_image":false},"product_brand":[],"product_cat":[69,673,580,585,591,86,618,67,73],"product_tag":[],"class_list":{"0":"post-74149","1":"product","2":"type-product","3":"status-publish","4":"has-post-thumbnail","6":"product_cat-addiclick-stricknadelsets","7":"product_cat-addiclick-startersets","8":"product_cat-stricken","9":"product_cat-addiclick","10":"product_cat-addiunicorn","11":"product_cat-addiclick-lace","12":"product_cat-addiclick-unicorn-stricknadelset","13":"product_cat-addi-neuheiten","14":"product_cat-addi-geschenkideen","16":"first","17":"instock","18":"shipping-taxable","19":"purchasable","20":"product-type-simple"},"acf":[],"_links":{"self":[{"href":"https:\/\/addi.de\/en\/wp-json\/wp\/v2\/product\/74149","targetHints":{"allow":["GET"]}}],"collection":[{"href":"https:\/\/addi.de\/en\/wp-json\/wp\/v2\/product"}],"about":[{"href":"https:\/\/addi.de\/en\/wp-json\/wp\/v2\/types\/product"}],"wp:featuredmedia":[{"embeddable":true,"href":"https:\/\/addi.de\/en\/wp-json\/wp\/v2\/media\/74191"}],"wp:attachment":[{"href":"https:\/\/addi.de\/en\/wp-json\/wp\/v2\/media?parent=74149"}],"wp:term":[{"taxonomy":"product_brand","embeddable":true,"href":"https:\/\/addi.de\/en\/wp-json\/wp\/v2\/product_brand?post=74149"},{"taxonomy":"product_cat","embeddable":true,"href":"https:\/\/addi.de\/en\/wp-json\/wp\/v2\/product_cat?post=74149"},{"taxonomy":"product_tag","embeddable":true,"href":"https:\/\/addi.de\/en\/wp-json\/wp\/v2\/product_tag?post=74149"}],"curies":[{"name":"wp","href":"https:\/\/api.w.org\/{rel}","templated":true}]}}