{"id":74150,"date":"2026-03-20T07:00:20","date_gmt":"2026-03-20T06:00:20","guid":{"rendered":"https:\/\/addi.de\/?post_type=product&#038;p=74150"},"modified":"2026-04-10T12:06:44","modified_gmt":"2026-04-10T10:06:44","slug":"addiclick-nature-bamboo-starter","status":"publish","type":"product","link":"https:\/\/addi.de\/en\/product-3\/addiclick-nature-bamboo-starter\/","title":{"rendered":"addiClick Nature Bamboo Long Starter Set"},"content":{"rendered":"<p>The compact addiClick starter set contains three pairs of bamboo tips \u2013 perfect for when you\u2019re on the go. This selection of the most popular needle sizes, made from high-quality bamboo, can be customised with additional tips and cords. The smooth surface of the fine bamboo tips is made super-smooth with a wax coating. A pleasantly warm and lightweight material for a natural knitting experience. Truly comfortable.<\/p>\n<p>Of course, made in Germany, with a 10-year warranty.<\/p>\n<p><strong>Included are:<\/strong><\/p>\n<ul>\n<li>addiClick Nature Bamboo Long Spitzenpaare in 4,0 \/ 5,0 und 6,0 mm<\/li>\n<li>2 golden addiClick cords (60 and 80 cm\/24\" and 32\")<\/li>\n<li>2 HeartStopper stitch stoppers<\/li>\n<li>2 connectors (long and short)<\/li>\n<li>1 set of addiGrip pads (grip aids)<\/li>\n<li>Textile case<\/li>\n<\/ul>\n<p><strong>Material:<\/strong> Tips (125 mm) made from extra-sturdy, slow-growing bamboo, brass sleeves, gold-coloured plastic cord, textile case<\/p>\n<p><strong>Delivery to retailers from June 2026<\/strong><\/p>","protected":false},"excerpt":{"rendered":"<p>Das kompakte Starter-Set des addiClick-Stecksystems enth\u00e4lt drei Paar Bambus-Spitzen &#8211; ideal fu\u0308r unterwegs. Die Auswahl der beliebtesten Nadelst\u00e4rken aus hochwertigem Bambus l\u00e4sst sich durch weitere Spitzen und Seile individuell erg\u00e4nzen. Die glatte Oberfl\u00e4che der feinen Bambusspitzen ist durch eine Wachsbeschichtung besonders gleitf\u00e4hig. Ein angenehm warmes und leichtes Material f\u00fcr ein nat\u00fcrliches Strickgef\u00fchl. So richtig zum [&hellip;]<\/p>","protected":false},"featured_media":74194,"template":"","meta":{"_acf_changed":false,"inline_featured_image":false},"product_brand":[],"product_cat":[69,673,585,83,67,73],"product_tag":[],"class_list":{"0":"post-74150","1":"product","2":"type-product","3":"status-publish","4":"has-post-thumbnail","6":"product_cat-addiclick-stricknadelsets","7":"product_cat-addiclick-startersets","8":"product_cat-addiclick","9":"product_cat-addiclick-bamboo-2","10":"product_cat-addi-neuheiten","11":"product_cat-addi-geschenkideen","13":"first","14":"instock","15":"shipping-taxable","16":"purchasable","17":"product-type-simple"},"acf":[],"_links":{"self":[{"href":"https:\/\/addi.de\/en\/wp-json\/wp\/v2\/product\/74150","targetHints":{"allow":["GET"]}}],"collection":[{"href":"https:\/\/addi.de\/en\/wp-json\/wp\/v2\/product"}],"about":[{"href":"https:\/\/addi.de\/en\/wp-json\/wp\/v2\/types\/product"}],"wp:featuredmedia":[{"embeddable":true,"href":"https:\/\/addi.de\/en\/wp-json\/wp\/v2\/media\/74194"}],"wp:attachment":[{"href":"https:\/\/addi.de\/en\/wp-json\/wp\/v2\/media?parent=74150"}],"wp:term":[{"taxonomy":"product_brand","embeddable":true,"href":"https:\/\/addi.de\/en\/wp-json\/wp\/v2\/product_brand?post=74150"},{"taxonomy":"product_cat","embeddable":true,"href":"https:\/\/addi.de\/en\/wp-json\/wp\/v2\/product_cat?post=74150"},{"taxonomy":"product_tag","embeddable":true,"href":"https:\/\/addi.de\/en\/wp-json\/wp\/v2\/product_tag?post=74150"}],"curies":[{"name":"wp","href":"https:\/\/api.w.org\/{rel}","templated":true}]}}