{"id":74151,"date":"2026-03-20T07:00:42","date_gmt":"2026-03-20T06:00:42","guid":{"rendered":"https:\/\/addi.de\/?post_type=product&#038;p=74151"},"modified":"2026-04-10T11:01:56","modified_gmt":"2026-04-10T09:01:56","slug":"addiclick-novel-starter","status":"publish","type":"product","link":"https:\/\/addi.de\/en\/product-3\/addiclick-novel-starter\/","title":{"rendered":"addiClick Novel Lace Long Starter-Set"},"content":{"rendered":"<p>The small, ergonomic starter set of the addiClick plug-in system contains three pairs of square Novel tips \u2013 ideal for hands affected by strain and for producing an even stitch pattern. The selection of the most popular needle sizes is perfect for when you\u2019re on the go or as a starter set to try out. The ergonomic Novel structure with fine lace tips also massages the hands whilst knitting.<\/p>\n<p>Of course, made in Germany, with a 10-year warranty.<\/p>\n<p><strong>Included are: <\/strong><\/p>\n<ul>\n<li>addiClick Novel Lace Long tips in 4, 5 and 6 mm (US #6, #8 and #10)<\/li>\n<li>2 red addiClick cords (60 and 80 cm \/ 24\" and 32\")<\/li>\n<li>2 HeartStopper stitch stoppers<\/li>\n<li>2 connectors (long and short)<\/li>\n<li>1 set of addiGrip pads (grip aids)<\/li>\n<li>Textile case<\/li>\n<\/ul>\n<p><strong>Material:<\/strong> Brass needles (125 mm) white-bronzed with extra-fine tips (thickness lasered onto both needle tips). Textile case.<\/p>\n<p><strong>Delivery to retailers from June 2026<\/strong><\/p>","protected":false},"excerpt":{"rendered":"<p>Das kleine, ergonomische Starter-Set des addiClick-Stecksystems enth\u00e4lt drei Paar viereckige Novel-Spitzen &#8211; ideal fu\u0308r belastete H\u00e4nde und ein gleichm\u00e4\u00dfiges Maschenbild. Die Auswahl der beliebtesten Nadelst\u00e4rken ist ideal f\u00fcr Unterwegs oder als Starter-Set zum Ausprobieren. Die ergonomische Novel-Struktur mit feinen Lace-Spitzen sorgt nicht nur f\u00fcr ein besonders gleichm\u00e4\u00dfiges Maschenbild, sondern auch f\u00fcr eine Massage der H\u00e4nde [&hellip;]<\/p>","protected":false},"featured_media":74188,"template":"","meta":{"_acf_changed":false,"inline_featured_image":false},"product_brand":[],"product_cat":[69,673,585,86,366,67,73],"product_tag":[],"class_list":{"0":"post-74151","1":"product","2":"type-product","3":"status-publish","4":"has-post-thumbnail","6":"product_cat-addiclick-stricknadelsets","7":"product_cat-addiclick-startersets","8":"product_cat-addiclick","9":"product_cat-addiclick-lace","10":"product_cat-addiclick-novel","11":"product_cat-addi-neuheiten","12":"product_cat-addi-geschenkideen","14":"first","15":"instock","16":"shipping-taxable","17":"purchasable","18":"product-type-simple"},"acf":[],"_links":{"self":[{"href":"https:\/\/addi.de\/en\/wp-json\/wp\/v2\/product\/74151","targetHints":{"allow":["GET"]}}],"collection":[{"href":"https:\/\/addi.de\/en\/wp-json\/wp\/v2\/product"}],"about":[{"href":"https:\/\/addi.de\/en\/wp-json\/wp\/v2\/types\/product"}],"wp:featuredmedia":[{"embeddable":true,"href":"https:\/\/addi.de\/en\/wp-json\/wp\/v2\/media\/74188"}],"wp:attachment":[{"href":"https:\/\/addi.de\/en\/wp-json\/wp\/v2\/media?parent=74151"}],"wp:term":[{"taxonomy":"product_brand","embeddable":true,"href":"https:\/\/addi.de\/en\/wp-json\/wp\/v2\/product_brand?post=74151"},{"taxonomy":"product_cat","embeddable":true,"href":"https:\/\/addi.de\/en\/wp-json\/wp\/v2\/product_cat?post=74151"},{"taxonomy":"product_tag","embeddable":true,"href":"https:\/\/addi.de\/en\/wp-json\/wp\/v2\/product_tag?post=74151"}],"curies":[{"name":"wp","href":"https:\/\/api.w.org\/{rel}","templated":true}]}}